{"id":69,"date":"2025-12-13T09:21:30","date_gmt":"2025-12-13T08:21:30","guid":{"rendered":"https:\/\/forgefit.pl\/?page_id=69"},"modified":"2025-12-13T09:31:28","modified_gmt":"2025-12-13T08:31:28","slug":"regulamin","status":"publish","type":"page","link":"https:\/\/forgefit.pl\/index.php\/regulamin\/","title":{"rendered":"Regulamin"},"content":{"rendered":"\t\t<div data-elementor-type=\"wp-page\" data-elementor-id=\"69\" class=\"elementor elementor-69\">\n\t\t\t\t<div class=\"elementor-element elementor-element-78ddb8d e-flex e-con-boxed e-con e-parent\" data-id=\"78ddb8d\" data-element_type=\"container\" data-e-type=\"container\">\n\t\t\t\t\t<div class=\"e-con-inner\">\n\t\t\t\t<div class=\"elementor-element elementor-element-b6d8c13 elementor-widget elementor-widget-text-editor\" data-id=\"b6d8c13\" data-element_type=\"widget\" data-e-type=\"widget\" data-widget_type=\"text-editor.default\">\n\t\t\t\t\t\t\t\t\t<h4><b>Regulamin \u015bwiadczenia us\u0142ug i sprzeda\u017cy<\/b><\/h4><h4><b>w sklepie internetowym <\/b><a href=\"http:\/\/www.forgefit.pl\"><b>www.forgefit.pl<\/b><\/a><\/h4><h3><b>I. Informacje og\u00f3lne<\/b><\/h3><ol><li style=\"font-weight: 400;\" aria-level=\"1\"><span style=\"font-weight: 400;\"><span style=\"font-weight: 400;\">Niniejszy regulamin okre\u015bla zasady korzystania z serwisu <a href=\"http:\/\/www.forgefit.pl\">\u00a0www.forgefit.pl<\/a><br \/><\/span><\/span><span style=\"font-weight: 400;\">\u00a0oraz zawierania um\u00f3w sprzeda\u017cy za po\u015brednictwem sklepu internetowego.<\/span>\u00a0<\/li><li style=\"font-weight: 400;\" aria-level=\"1\"><span style=\"font-weight: 400;\">W\u0142a\u015bcicielem sklepu jest: <\/span><b>Kacper Stachurski<\/b><span style=\"font-weight: 400;\">, D\u0105br\u00f3wka 128 34-146 Strysz\u00f3w e-mail: kontakt@forgefit.pl.<\/span><\/li><li style=\"font-weight: 400;\" aria-level=\"1\"><span style=\"font-weight: 400;\">Klient zobowi\u0105zany jest do zapoznania si\u0119 z regulaminem przed z\u0142o\u017ceniem zam\u00f3wienia. Z\u0142o\u017cenie zam\u00f3wienia oznacza akceptacj\u0119 niniejszego regulaminu.<\/span>\u00a0<\/li><li style=\"font-weight: 400;\" aria-level=\"1\"><span style=\"font-weight: 400;\">Regulamin dost\u0119pny jest nieprzerwanie na stronie Sklepu w formacie umo\u017cliwiaj\u0105cym jego zapisanie i odtworzenie.<\/span>\u00a0<\/li><\/ol><h3><b>II. Definicje<\/b><\/h3><p><span style=\"font-weight: 400;\">Na potrzeby regulaminu przyjmuje si\u0119 nast\u0119puj\u0105ce znaczenia:<\/span><\/p><ul><li style=\"font-weight: 400;\" aria-level=\"1\"><b>Sklep<\/b><span style=\"font-weight: 400;\"> \u2013 serwis internetowy dost\u0119pny pod adresem<\/span><a href=\"http:\/\/www.atlantino.pl\"> <span style=\"font-weight: 400;\"><a href=\"http:\/\/www.forgefit.pl\">\u00a0www.forgefit.pl<\/a><\/span><\/a> .<\/li><li style=\"font-weight: 400;\" aria-level=\"1\"><b>Sprzedawca<\/b><span style=\"font-weight: 400;\"> \u2013 Kacper Stachurski, wykonuj\u0105cy dzia\u0142alno\u015b\u0107 gospodarcz\u0105 zgodnie z prawem polskim.<\/span>\u00a0<\/li><li style=\"font-weight: 400;\" aria-level=\"1\"><b>Klient<\/b><span style=\"font-weight: 400;\"> \u2013 ka\u017cda osoba fizyczna, prawna lub jednostka organizacyjna dokonuj\u0105ca zakupu w Sklepie.<\/span>\u00a0<\/li><li style=\"font-weight: 400;\" aria-level=\"1\"><b>Konsument<\/b><span style=\"font-weight: 400;\"> \u2013 Klient b\u0119d\u0105cy osob\u0105 fizyczn\u0105, zawieraj\u0105cy umow\u0119 w celu niezwi\u0105zanym bezpo\u015brednio z dzia\u0142alno\u015bci\u0105 gospodarcz\u0105 lub zawodow\u0105.<\/span>\u00a0<\/li><li style=\"font-weight: 400;\" aria-level=\"1\"><b>Towar<\/b><span style=\"font-weight: 400;\"> \u2013 rzeczy ruchome oferowane w Sklepie.<\/span>\u00a0<\/li><li style=\"font-weight: 400;\" aria-level=\"1\"><b>Po\u015brednictwo sprzeda\u017cy<\/b><span style=\"font-weight: 400;\"> \u2013 spos\u00f3b realizacji zam\u00f3wie\u0144 polegaj\u0105cy na przekazaniu ich do wykonania przez podmiot zewn\u0119trzny, odpowiedzialny za dostaw\u0119.<\/span>\u00a0<\/li><li style=\"font-weight: 400;\" aria-level=\"1\"><b>Dostawca<\/b><span style=\"font-weight: 400;\"> \u2013 niezale\u017cny podmiot wsp\u00f3\u0142pracuj\u0105cy ze Sprzedawc\u0105, realizuj\u0105cy fizycznie wysy\u0142k\u0119 towar\u00f3w do Klient\u00f3w.<\/span>\u00a0<\/li><\/ul><h3><b>III. Warunki techniczne korzystania ze sklepu<\/b><\/h3><ol><li style=\"font-weight: 400;\" aria-level=\"1\"><span style=\"font-weight: 400;\">Do prawid\u0142owego korzystania z funkcjonalno\u015bci Sklepu niezb\u0119dne s\u0105: a) dost\u0119p do Internetu, b) przegl\u0105darka internetowa z w\u0142\u0105czon\u0105 obs\u0142ug\u0105 JavaScript i cookies, c) aktywne konto poczty elektronicznej.<\/span>\u00a0<\/li><li style=\"font-weight: 400;\" aria-level=\"1\"><span style=\"font-weight: 400;\">Klient zobowi\u0105zuje si\u0119 nie podejmowa\u0107 dzia\u0142a\u0144 mog\u0105cych zak\u0142\u00f3ca\u0107 prac\u0119 Sklepu lub narusza\u0107 prawa Sprzedawcy.<\/span>\u00a0<\/li><\/ol><h3><b>IV. Zakres i charakter \u015bwiadczonych us\u0142ug<\/b><\/h3><ol><li style=\"font-weight: 400;\" aria-level=\"1\"><span style=\"font-weight: 400;\">Sprzedawca prowadzi sprzeda\u017c towar\u00f3w za po\u015brednictwem strony internetowej, przy czym niekt\u00f3re towary dostarczane s\u0105 bezpo\u015brednio od Dostawc\u00f3w wsp\u00f3\u0142pracuj\u0105cych ze Sprzedawc\u0105.<\/span>\u00a0<\/li><li style=\"font-weight: 400;\" aria-level=\"1\"><span style=\"font-weight: 400;\">Klient zawiera umow\u0119 sprzeda\u017cy ze Sprzedawc\u0105, kt\u00f3ry odpowiada za jej nale\u017cyte wykonanie.<\/span>\u00a0<\/li><li style=\"font-weight: 400;\" aria-level=\"1\"><span style=\"font-weight: 400;\">Sprzedawca zastrzega sobie prawo do wsp\u00f3\u0142pracy z zewn\u0119trznymi podmiotami w zakresie realizacji, pakowania lub wysy\u0142ki towar\u00f3w.<\/span>\u00a0<\/li><\/ol><h3><b>V. Sk\u0142adanie zam\u00f3wie\u0144 i zawieranie um\u00f3w<\/b><\/h3><ol><li style=\"font-weight: 400;\" aria-level=\"1\"><span style=\"font-weight: 400;\">Zam\u00f3wienia mo\u017cna sk\u0142ada\u0107 przez 7 dni w tygodniu, 24 godziny na dob\u0119.<\/span>\u00a0<\/li><li style=\"font-weight: 400;\" aria-level=\"1\"><span style=\"font-weight: 400;\">Klient mo\u017ce sk\u0142ada\u0107 zam\u00f3wienie jako go\u015b\u0107 lub po za\u0142o\u017ceniu konta.<\/span>\u00a0<\/li><li style=\"font-weight: 400;\" aria-level=\"1\"><span style=\"font-weight: 400;\">Umowa sprzeda\u017cy zostaje zawarta z chwil\u0105 otrzymania przez Klienta potwierdzenia przyj\u0119cia zam\u00f3wienia przez Sprzedawc\u0119.<\/span>\u00a0<\/li><li style=\"font-weight: 400;\" aria-level=\"1\"><span style=\"font-weight: 400;\">Klient zobowi\u0105zany jest do podania prawdziwych i pe\u0142nych danych niezb\u0119dnych do realizacji zam\u00f3wienia.<\/span>\u00a0<\/li><\/ol><h3><b>VI. Ceny i formy p\u0142atno\u015bci<\/b><\/h3><ol><li style=\"font-weight: 400;\" aria-level=\"1\"><span style=\"font-weight: 400;\">Wszystkie ceny podawane s\u0105 w z\u0142otych polskich i zawieraj\u0105 podatek VAT.<\/span>\u00a0<\/li><li style=\"font-weight: 400;\" aria-level=\"1\"><span style=\"font-weight: 400;\">Do ceny towaru doliczany jest koszt dostawy, kt\u00f3ry podawany jest w trakcie sk\u0142adania zam\u00f3wienia.<\/span>\u00a0<\/li><li style=\"font-weight: 400;\" aria-level=\"1\"><span style=\"font-weight: 400;\">Sklep umo\u017cliwia nast\u0119puj\u0105ce formy p\u0142atno\u015bci:<\/span>\u00a0<ul><li style=\"font-weight: 400;\" aria-level=\"2\"><span style=\"font-weight: 400;\">przelew bankowy,<\/span>\u00a0<\/li><li style=\"font-weight: 400;\" aria-level=\"2\"><span style=\"font-weight: 400;\">p\u0142atno\u015b\u0107 online (np. BLIK, karta, szybki przelew),<\/span>\u00a0<\/li><li style=\"font-weight: 400;\" aria-level=\"2\"><span style=\"font-weight: 400;\">inne dost\u0119pne systemy p\u0142atno\u015bci wskazane w trakcie zam\u00f3wienia.<\/span>\u00a0<\/li><\/ul><\/li><\/ol><h3><b>VII. Realizacja i dostawa<\/b><\/h3><ol><li style=\"font-weight: 400;\" aria-level=\"1\"><span style=\"font-weight: 400;\">Czas realizacji zam\u00f3wienia wynosi zwykle od 3 do 14 dni roboczych.<\/span>\u00a0<\/li><li style=\"font-weight: 400;\" aria-level=\"1\"><span style=\"font-weight: 400;\">W przypadku chwilowej niedost\u0119pno\u015bci produktu Sprzedawca poinformuje Klienta o nowym terminie realizacji lub mo\u017cliwo\u015bci rezygnacji z zam\u00f3wienia.<\/span>\u00a0<\/li><li style=\"font-weight: 400;\" aria-level=\"1\"><span style=\"font-weight: 400;\">Sprzedawca zastrzega, \u017ce maksymalny termin realizacji zam\u00f3wienia mo\u017ce wynosi\u0107 do 30 dni od daty zawarcia umowy.<\/span>\u00a0<\/li><li style=\"font-weight: 400;\" aria-level=\"1\"><span style=\"font-weight: 400;\">Towar dostarczany jest na adres wskazany przez Klienta za po\u015brednictwem firmy kurierskiej lub operatora pocztowego.<\/span>\u00a0<\/li><\/ol><h3><b>VIII. Odst\u0105pienie od umowy<\/b><\/h3><ol><li style=\"font-weight: 400;\" aria-level=\"1\"><span style=\"font-weight: 400;\">Konsumentowi przys\u0142uguje prawo odst\u0105pienia od umowy w terminie 14 dni od dnia otrzymania towaru bez podania przyczyny.<\/span>\u00a0<\/li><li style=\"font-weight: 400;\" aria-level=\"1\"><span style=\"font-weight: 400;\">Aby skorzysta\u0107 z tego prawa, nale\u017cy z\u0142o\u017cy\u0107 o\u015bwiadczenie i odes\u0142a\u0107 produkt na adres wskazany przez Sprzedawc\u0119.<\/span>\u00a0<\/li><li style=\"font-weight: 400;\" aria-level=\"1\"><span style=\"font-weight: 400;\">Zwrot \u015brodk\u00f3w nast\u0119puje w terminie 14 dni od momentu otrzymania zwracanego towaru lub potwierdzenia jego nadania.<\/span>\u00a0<\/li><li style=\"font-weight: 400;\" aria-level=\"1\"><span style=\"font-weight: 400;\">Klient ponosi koszt odes\u0142ania towaru.<\/span>\u00a0<\/li><li style=\"font-weight: 400;\" aria-level=\"1\"><span style=\"font-weight: 400;\">Prawo odst\u0105pienia nie dotyczy m.in. produkt\u00f3w przygotowanych na indywidualne zam\u00f3wienie lub towar\u00f3w higienicznych rozpakowanych po dostawie.<\/span>\u00a0<\/li><\/ol><h3><b>IX. Reklamacje<\/b><\/h3><ol><li style=\"font-weight: 400;\" aria-level=\"1\"><span style=\"font-weight: 400;\">Sprzedawca odpowiada za zgodno\u015b\u0107 towaru z umow\u0105 i rozpatruje reklamacje zgodnie z ustaw\u0105 o prawach konsumenta.<\/span>\u00a0<\/li><li style=\"font-weight: 400;\" aria-level=\"1\"><span style=\"font-weight: 400;\">Reklamacje mo\u017cna sk\u0142ada\u0107 mailowo na adres: kontakt@forgefit.pl.<\/span>\u00a0<\/li><li style=\"font-weight: 400;\" aria-level=\"1\"><span style=\"font-weight: 400;\">Reklamacja powinna zawiera\u0107 dane kontaktowe, numer zam\u00f3wienia, opis problemu oraz dokumentacj\u0119 (np. zdj\u0119cia).<\/span>\u00a0<\/li><li style=\"font-weight: 400;\" aria-level=\"1\"><span style=\"font-weight: 400;\">Sprzedawca ustosunkuje si\u0119 do reklamacji w ci\u0105gu 14 dni kalendarzowych od jej otrzymania.<\/span>\u00a0<\/li><\/ol><h3><b>X. Konto u\u017cytkownika<\/b><\/h3><ol><li style=\"font-weight: 400;\" aria-level=\"1\"><span style=\"font-weight: 400;\">Klient mo\u017ce za\u0142o\u017cy\u0107 konto, kt\u00f3re umo\u017cliwia przegl\u0105danie historii zam\u00f3wie\u0144, aktualizacj\u0119 danych oraz sk\u0142adanie kolejnych zam\u00f3wie\u0144.<\/span>\u00a0<\/li><li style=\"font-weight: 400;\" aria-level=\"1\"><span style=\"font-weight: 400;\">Konto mo\u017ce zosta\u0107 usuni\u0119te na \u017c\u0105danie Klienta.<\/span>\u00a0<\/li><li style=\"font-weight: 400;\" aria-level=\"1\"><span style=\"font-weight: 400;\">Sprzedawca ma prawo zablokowa\u0107 konto w przypadku naruszenia regulaminu.<\/span>\u00a0<\/li><\/ol><h3><b>XI. Tre\u015bci i opinie Klient\u00f3w<\/b><\/h3><ol><li style=\"font-weight: 400;\" aria-level=\"1\"><span style=\"font-weight: 400;\">Klienci mog\u0105 publikowa\u0107 opinie o produktach wy\u0142\u0105cznie po dokonaniu zakupu.<\/span>\u00a0<\/li><li style=\"font-weight: 400;\" aria-level=\"1\"><span style=\"font-weight: 400;\">Opinie nie mog\u0105 zawiera\u0107 tre\u015bci wulgarnych, obra\u017aliwych lub nieprawdziwych.<\/span>\u00a0<\/li><li style=\"font-weight: 400;\" aria-level=\"1\"><span style=\"font-weight: 400;\">Sprzedawca zastrzega sobie prawo do moderowania opinii.<\/span>\u00a0<\/li><\/ol><h3><b>XII. Ochrona danych osobowych<\/b><\/h3><ol><li style=\"font-weight: 400;\" aria-level=\"1\"><span style=\"font-weight: 400;\">Administratorem danych osobowych jest Kacper Stachurski.<\/span>\u00a0<\/li><li style=\"font-weight: 400;\" aria-level=\"1\"><span style=\"font-weight: 400;\">Dane osobowe przetwarzane s\u0105 w celu realizacji zam\u00f3wienia, prowadzenia konta oraz \u2013 po uzyskaniu zgody \u2013 w celach marketingowych.<\/span>\u00a0<\/li><li style=\"font-weight: 400;\" aria-level=\"1\"><span style=\"font-weight: 400;\">W przypadku zam\u00f3wie\u0144 realizowanych za po\u015brednictwem podmiot\u00f3w zewn\u0119trznych, dane klienta mog\u0105 by\u0107 przekazane wy\u0142\u0105cznie w zakresie niezb\u0119dnym do wykonania umowy.<\/span>\u00a0<\/li><li style=\"font-weight: 400;\" aria-level=\"1\"><span style=\"font-weight: 400;\">Klient ma prawo do: wgl\u0105du w dane, ich poprawiania, ograniczenia przetwarzania, przeniesienia danych, wniesienia sprzeciwu oraz z\u0142o\u017cenia skargi do Prezesa UODO.<\/span>\u00a0<\/li><\/ol><h3><b>XIII. Odpowiedzialno\u015b\u0107<\/b><\/h3><ol><li style=\"font-weight: 400;\" aria-level=\"1\"><span style=\"font-weight: 400;\">Sprzedawca nie ponosi odpowiedzialno\u015bci za brak realizacji zam\u00f3wienia spowodowany si\u0142\u0105 wy\u017csz\u0105, dzia\u0142aniami dostawc\u00f3w, op\u00f3\u017anieniami firm kurierskich, b\u0142\u0119dami danych wprowadzonych przez Klienta.<\/span>\u00a0<\/li><li style=\"font-weight: 400;\" aria-level=\"1\"><span style=\"font-weight: 400;\">Wszelkie roszczenia wynikaj\u0105ce z uszkodzenia przesy\u0142ki nale\u017cy kierowa\u0107 zgodnie z obowi\u0105zuj\u0105cymi procedurami reklamacyjnymi przewo\u017anika.<\/span>\u00a0<\/li><\/ol><h3><b>XIV. Postanowienia ko\u0144cowe<\/b><\/h3><ol><li style=\"font-weight: 400;\" aria-level=\"1\"><span style=\"font-weight: 400;\">Sprzedawca zastrzega sobie prawo do zmiany niniejszego regulaminu w ka\u017cdym czasie z wa\u017cnych przyczyn (np. zmiana przepis\u00f3w prawa, zmiany technologiczne, rozszerzenie oferty).<\/span>\u00a0<\/li><li style=\"font-weight: 400;\" aria-level=\"1\"><span style=\"font-weight: 400;\">O zmianach regulaminu Klient zostanie poinformowany z 14-dniowym wyprzedzeniem.<\/span>\u00a0<\/li><\/ol><p><span style=\"font-weight: 400;\">W sprawach nieuregulowanych zastosowanie maj\u0105 przepisy prawa polskiego, w szczeg\u00f3lno\u015bci: ustawa z dnia 30 maja 2014 r. o prawach konsumenta, ustawa z dnia 18 lipca 2002 r. o \u015bwiadczeniu us\u0142ug drog\u0105 elektroniczn\u0105, RODO, Kodeks cywilny.<\/span><span style=\"font-weight: 400;\"><br \/><\/span><\/p>\t\t\t\t\t\t\t\t<\/div>\n\t\t\t\t\t<\/div>\n\t\t\t\t<\/div>\n\t\t\t\t<\/div>\n\t\t","protected":false},"excerpt":{"rendered":"<p>Regulamin \u015bwiadczenia us\u0142ug i sprzeda\u017cy w sklepie internetowym www.forgefit.pl I. Informacje og\u00f3lne Niniejszy regulamin okre\u015bla zasady korzystania z serwisu \u00a0www.forgefit.pl\u00a0oraz zawierania um\u00f3w sprzeda\u017cy za po\u015brednictwem sklepu internetowego.\u00a0 W\u0142a\u015bcicielem sklepu jest: Kacper Stachurski, D\u0105br\u00f3wka 128 34-146 Strysz\u00f3w e-mail: kontakt@forgefit.pl. Klient zobowi\u0105zany jest do zapoznania si\u0119 z regulaminem przed z\u0142o\u017ceniem zam\u00f3wienia. Z\u0142o\u017cenie zam\u00f3wienia oznacza akceptacj\u0119 niniejszego regulaminu.\u00a0 [&hellip;]<\/p>\n","protected":false},"author":1,"featured_media":0,"parent":0,"menu_order":0,"comment_status":"closed","ping_status":"closed","template":"","meta":{"ocean_post_layout":"","ocean_both_sidebars_style":"","ocean_both_sidebars_content_width":0,"ocean_both_sidebars_sidebars_width":0,"ocean_sidebar":"","ocean_second_sidebar":"","ocean_disable_margins":"enable","ocean_add_body_class":"","ocean_shortcode_before_top_bar":"","ocean_shortcode_after_top_bar":"","ocean_shortcode_before_header":"","ocean_shortcode_after_header":"","ocean_has_shortcode":"","ocean_shortcode_after_title":"","ocean_shortcode_before_footer_widgets":"","ocean_shortcode_after_footer_widgets":"","ocean_shortcode_before_footer_bottom":"","ocean_shortcode_after_footer_bottom":"","ocean_display_top_bar":"default","ocean_display_header":"default","ocean_header_style":"","ocean_center_header_left_menu":"","ocean_custom_header_template":"","ocean_custom_logo":0,"ocean_custom_retina_logo":0,"ocean_custom_logo_max_width":0,"ocean_custom_logo_tablet_max_width":0,"ocean_custom_logo_mobile_max_width":0,"ocean_custom_logo_max_height":0,"ocean_custom_logo_tablet_max_height":0,"ocean_custom_logo_mobile_max_height":0,"ocean_header_custom_menu":"","ocean_menu_typo_font_family":"","ocean_menu_typo_font_subset":"","ocean_menu_typo_font_size":0,"ocean_menu_typo_font_size_tablet":0,"ocean_menu_typo_font_size_mobile":0,"ocean_menu_typo_font_size_unit":"px","ocean_menu_typo_font_weight":"","ocean_menu_typo_font_weight_tablet":"","ocean_menu_typo_font_weight_mobile":"","ocean_menu_typo_transform":"","ocean_menu_typo_transform_tablet":"","ocean_menu_typo_transform_mobile":"","ocean_menu_typo_line_height":0,"ocean_menu_typo_line_height_tablet":0,"ocean_menu_typo_line_height_mobile":0,"ocean_menu_typo_line_height_unit":"","ocean_menu_typo_spacing":0,"ocean_menu_typo_spacing_tablet":0,"ocean_menu_typo_spacing_mobile":0,"ocean_menu_typo_spacing_unit":"","ocean_menu_link_color":"","ocean_menu_link_color_hover":"","ocean_menu_link_color_active":"","ocean_menu_link_background":"","ocean_menu_link_hover_background":"","ocean_menu_link_active_background":"","ocean_menu_social_links_bg":"","ocean_menu_social_hover_links_bg":"","ocean_menu_social_links_color":"","ocean_menu_social_hover_links_color":"","ocean_disable_title":"default","ocean_disable_heading":"default","ocean_post_title":"","ocean_post_subheading":"","ocean_post_title_style":"","ocean_post_title_background_color":"","ocean_post_title_background":0,"ocean_post_title_bg_image_position":"","ocean_post_title_bg_image_attachment":"","ocean_post_title_bg_image_repeat":"","ocean_post_title_bg_image_size":"","ocean_post_title_height":0,"ocean_post_title_bg_overlay":0.5,"ocean_post_title_bg_overlay_color":"","ocean_disable_breadcrumbs":"default","ocean_breadcrumbs_color":"","ocean_breadcrumbs_separator_color":"","ocean_breadcrumbs_links_color":"","ocean_breadcrumbs_links_hover_color":"","ocean_display_footer_widgets":"default","ocean_display_footer_bottom":"default","ocean_custom_footer_template":"","footnotes":""},"class_list":["post-69","page","type-page","status-publish","hentry","entry","owp-thumbs-layout-horizontal","owp-btn-normal","owp-tabs-layout-horizontal","has-no-thumbnails","has-product-nav"],"jetpack_sharing_enabled":true,"_links":{"self":[{"href":"https:\/\/forgefit.pl\/index.php\/wp-json\/wp\/v2\/pages\/69","targetHints":{"allow":["GET"]}}],"collection":[{"href":"https:\/\/forgefit.pl\/index.php\/wp-json\/wp\/v2\/pages"}],"about":[{"href":"https:\/\/forgefit.pl\/index.php\/wp-json\/wp\/v2\/types\/page"}],"author":[{"embeddable":true,"href":"https:\/\/forgefit.pl\/index.php\/wp-json\/wp\/v2\/users\/1"}],"replies":[{"embeddable":true,"href":"https:\/\/forgefit.pl\/index.php\/wp-json\/wp\/v2\/comments?post=69"}],"version-history":[{"count":4,"href":"https:\/\/forgefit.pl\/index.php\/wp-json\/wp\/v2\/pages\/69\/revisions"}],"predecessor-version":[{"id":80,"href":"https:\/\/forgefit.pl\/index.php\/wp-json\/wp\/v2\/pages\/69\/revisions\/80"}],"wp:attachment":[{"href":"https:\/\/forgefit.pl\/index.php\/wp-json\/wp\/v2\/media?parent=69"}],"curies":[{"name":"wp","href":"https:\/\/api.w.org\/{rel}","templated":true}]}}